{"id":19,"date":"2025-12-23T19:52:25","date_gmt":"2025-12-23T19:52:25","guid":{"rendered":"https:\/\/3xd.waybetter.dev\/?page_id=19"},"modified":"2026-03-19T14:37:33","modified_gmt":"2026-03-19T14:37:33","slug":"kontakt","status":"publish","type":"page","link":"https:\/\/3xd.waybetter.dev\/en\/kontakt\/","title":{"rendered":"Contact Information"},"content":{"rendered":"<section class=\"bg-primary lg:pb-37 lg:pt-52 not-prose pb-20 pt-35 px-5 wp-block-motyw-3xd-contact-section\"> \n    <div class=\"grid max-w-screen-xl mx-auto lg:grid-cols-12\"> \n        <div class=\"lg:col-end-7 lg:col-start-1\"> \n                            <h1 class=\"font-RedHatDisplay font-extrabold leading-10 pb-10 text-3xl text-white lg:pb-15 lg:leading-[62px] lg:text-[54px]\">Contact us<\/h1>\n             \n            <div class=\"border border-solid border-white px-4 py-6 lg:p-10\"> \n                <div class=\"flex flex-col gap-10 lg:flex-row lg:gap-24\"> <a href=\"tel:889702306\" class=\"duration-300 hover:scale-105\"><div> \n                                                            <span class=\"font-SpaceGrotesk font-bold leading-6 text-base text-white\">Telephone connection:<\/span>\n                             \n                            <div class=\"flex gap-3 items-center lg:gap-4 pt-6\"> \n                                <div class=\"bg-secondary flex items-center justify-center rounded-full size-12\"> \n                                    <svg xmlns=\"http:\/\/www.w3.org\/2000\/svg\" width=\"19\" height=\"19\" viewbox=\"0 0 19 19\" fill=\"none\"> \n                                        <path d=\"M1.5 5.19231C1.5 5.51873 1.62967 5.83178 1.86048 6.06259C2.0913 6.29341 2.40435 6.42308 2.73077 6.42308C3.05719 6.42308 3.37024 6.29341 3.60106 6.06259C3.83187 5.83178 3.96154 5.51873 3.96154 5.19231V2.73077C3.96154 2.40435 3.83187 2.0913 3.60106 1.86048C3.37024 1.62967 3.05719 1.5 2.73077 1.5C2.40435 1.5 2.0913 1.62967 1.86048 1.86048C1.62967 2.0913 1.5 2.40435 1.5 2.73077V5.19231ZM1.5 5.19231C1.5 8.45651 2.7967 11.587 5.10484 13.8952C7.41298 16.2033 10.5435 17.5 13.8077 17.5M13.8077 17.5H16.2692C16.5957 17.5 16.9087 17.3703 17.1395 17.1395C17.3703 16.9087 17.5 16.5957 17.5 16.2692C17.5 15.9428 17.3703 15.6298 17.1395 15.3989C16.9087 15.1681 16.5957 15.0385 16.2692 15.0385H13.8077C13.4813 15.0385 13.1682 15.1681 12.9374 15.3989C12.7066 15.6298 12.5769 15.9428 12.5769 16.2692C12.5769 16.5957 12.7066 16.9087 12.9374 17.1395C13.1682 17.3703 13.4813 17.5 13.8077 17.5Z\" stroke=\"#282828\" stroke-width=\"3\" stroke-linecap=\"round\" stroke-linejoin=\"round\"\/> \n                                    <\/svg>                                     \n                                <\/div>                                 <span class=\"font-SpaceGrotesk font-semibold leading-6 text-base text-white\">+48 889 702 306<\/span> \n                            <\/div>                             \n                        <\/div><\/a> <a href=\"mailto:biuro@3xd.waybetter.dev\" class=\"duration-300 hover:scale-105\"><div> \n                                                            <span class=\"font-SpaceGrotesk font-bold leading-6 text-base text-white\">Do you prefer an email contact?<\/span>\n                             \n                            <div class=\"flex gap-3 items-center lg:gap-4 pt-6\"> \n                                <div class=\"bg-secondary flex items-center justify-center rounded-full size-12\"> \n                                    <svg xmlns=\"http:\/\/www.w3.org\/2000\/svg\" width=\"20\" height=\"16\" viewbox=\"0 0 20 16\" fill=\"none\"> \n                                        <path d=\"M19.9997 3.5351V13C19.9998 13.7652 19.7074 14.5015 19.1825 15.0582C18.6575 15.6149 17.9397 15.95 17.1758 15.9949L16.9998 15.9999H2.99996C2.23476 16 1.49847 15.7076 0.941727 15.1827C0.384988 14.6577 0.0498919 13.9399 0.00500005 13.176L0 13V3.5351L9.44488 9.83202L9.56088 9.89801C9.69758 9.96481 9.84773 9.99953 9.99987 9.99953C10.152 9.99953 10.3022 9.96481 10.4389 9.89801L10.5549 9.83202L19.9997 3.5351Z\" fill=\"#282828\"\/> \n                                        <path d=\"M17.0001 0C18.0801 0 19.0271 0.569993 19.5551 1.42698L10.0002 7.7969L0.445312 1.42698C0.696039 1.01975 1.04052 0.678393 1.45001 0.431377C1.8595 0.184362 2.32212 0.0388557 2.79928 0.00699988L3.00028 0H17.0001Z\" fill=\"#282828\"\/> \n                                    <\/svg>                                     \n                                <\/div>                                 <span class=\"font-SpaceGrotesk font-semibold leading-6 text-base text-white\">biuro@3xd.waybetter.dev<\/span> \n                            <\/div>                             \n                        <\/div><\/a> \n                <\/div>                 \n            <\/div>             \n        <\/div>         \n        <div class=\"flex flex-col gap-15 pb-15 pt-10 lg:col-end-13 lg:col-start-8 lg:flex-col-reverse lg:justify-end lg:pb-0 lg:pt-0 lg:row-end-4 lg:row-start-1\"> <a href=\"https:\/\/maps.app.goo.gl\/WbBQv7nnt6Rdkc548\" target=\"_blank\" rel=\"noopener\"><div class=\"border border-solid border-white p-4 pr-3\"> \n                    <div class=\"flex gap-3 items-center\"> \n                        <div class=\"bg-secondary flex items-center justify-center rounded-full size-12\"> \n                            <svg xmlns=\"http:\/\/www.w3.org\/2000\/svg\" width=\"16\" height=\"23\" viewbox=\"0 0 16 23\" fill=\"none\"> \n                                <g clip-path=\"url(#clip0_183_4628)\"> \n                                    <path d=\"M7.81845 0C9.79935 0.00200317 11.4729 0.593738 13.0077 1.87236C14.6002 3.19886 15.7074 5.23628 15.901 7.32037C16.286 11.4675 12.4304 16.6415 10.0601 19.8187C9.35981 20.7574 8.68762 21.74 7.94667 22.6444L7.8888 22.6979L7.82757 22.6736C5.3021 19.2384 0.0888555 12.4585 -0.0675002 8.26026C-0.06968 8.19575 -0.0712654 8.13125 -0.0718599 8.06675C-0.0724544 8.00225 -0.0724544 7.93775 -0.0714636 7.87324C-0.0706709 7.80874 -0.0688874 7.74424 -0.0665093 7.67974C-0.0639331 7.61524 -0.0607624 7.55094 -0.056799 7.48663C-0.0528356 7.42233 -0.0478814 7.35803 -0.0423327 7.29373C-0.0365857 7.22943 -0.0302443 7.16533 -0.0231102 7.10122C-0.0159761 7.03712 -0.00785118 6.97322 0.000868276 6.90932C0.00958773 6.84542 0.0190999 6.78172 0.0294047 6.71802C0.0397095 6.65432 0.050807 6.59082 0.0626971 6.52752C0.0745873 6.46422 0.087072 6.40092 0.100547 6.33782C0.114023 6.27472 0.128093 6.21182 0.142956 6.14912C0.157818 6.08642 0.173672 6.02392 0.19012 5.96162C0.206568 5.89932 0.223809 5.83723 0.241842 5.77533C0.259876 5.71343 0.278504 5.65173 0.297924 5.59044C0.317345 5.52894 0.337558 5.46784 0.358564 5.40695C0.37957 5.34605 0.40117 5.28535 0.423564 5.22506C0.445957 5.16476 0.469143 5.10467 0.493121 5.04477C0.5171 4.98488 0.541673 4.92538 0.567038 4.86629C0.592404 4.8072 0.618364 4.74831 0.645315 4.68961C0.672068 4.63112 0.699614 4.57283 0.727754 4.51514C0.755894 4.45725 0.784826 4.39975 0.814552 4.34266C0.844277 4.28557 0.874399 4.22868 0.905512 4.17239C0.936624 4.11611 0.968133 4.06002 1.00063 4.00433C1.03293 3.94884 1.06603 3.89355 1.09972 3.83887C1.13341 3.78418 1.16769 3.7297 1.20277 3.67581C1.23784 3.62192 1.27351 3.56844 1.30978 3.51536C1.34604 3.46227 1.3831 3.40979 1.42075 3.35771C1.4584 3.30562 1.49665 3.25394 1.53549 3.20286C1.57433 3.15178 1.61377 3.1011 1.654 3.05102C1.69403 3.00074 1.73485 2.95126 1.77627 2.90199C1.81769 2.85291 1.8595 2.80423 1.90191 2.75616C1.94451 2.70808 1.98752 2.66041 2.03111 2.61353C3.14463 1.40322 4.78864 0.466738 6.39203 0.140622C6.86566 0.04427 7.3367 0.0186294 7.81845 0Z\" fill=\"#282828\"\/> \n                                    <ellipse cx=\"7.92651\" cy=\"7.98327\" rx=\"3.90698\" ry=\"3.90698\" fill=\"#FEA383\"\/> \n                                <\/g>                                 \n                                <defs> \n                                    <clippath id=\"clip0_183_4628\"> \n                                        <rect width=\"16\" height=\"22.6977\" fill=\"white\"\/> \n                                    <\/clippath>                                     \n                                <\/defs>                                 \n                            <\/svg>                             \n                        <\/div>                         <span class=\"font-SpaceGrotesk font-semibold leading-6 text-base text-white\">Kasztela\u0144ska 27, 15-521 Bia\u0142ystok, Polska<\/span> \n                    <\/div>                     \n                <\/div><div> \n                                            <img decoding=\"async\" src=\"https:\/\/3xd.waybetter.dev\/wp-content\/themes\/3XD\/inc\/img\/zdjecie_kontakt.webp\" loading=\"lazy\" alt=\"Zdj\u0119cie kontaktu - mapka lokalizacji\" class=\"max-h-[580px] object-cover w-full\">\n                                         \n                <\/div><\/a> \n            <div class=\"bg-secondary flex flex-col items-center px-6 py-10 text-center lg:py-14\"> \n                                    <h3 class=\"font-RedHatDisplay font-extrabold leading-7 text-lg text-primary lg:leading-8 lg:text-2xl\">Use the contact form<\/h3>\n                 \n                <p class=\"font-SpaceGrotesk font-medium leading-6 pb-6 pt-3 text-primary text-sm lg:leading-7 lg:pt-6 lg:text-lg\">We invite you to fill out our form, indicate your needs in it and we will contact you as soon as possible. Together we will find the best solution!<\/p> \n                                    <a href=\"#\" class=\"block border border-primary border-solid duration-300 px-5 py-2 valuation-popup-trigger w-max hover:bg-secondaryHover2 lg:px-11 lg:py-4.5\"><span class=\"font-SpaceGrotesk font-bold leading-6 text-primary text-sm lg:font-bold lg:leading-6 lg:text-sm\">Go to the form<\/span><\/a>\n                 \n            <\/div>             \n        <\/div>         \n        <div class=\"lg:col-end-7 lg:col-start-1 lg:pt-15\"> \n                            <h2 class=\"font-SpaceGrotesk font-medium leading-6 lg:leading-8 lg:pb-10 lg:text-xl pb-6 text-base text-white\">Sprawd\u017a najcz\u0119\u015bciej zadawane pytania:<\/h2>\n             \n                <div data-accordion=\"open\" class=\"flex flex-col gap-2 lg:gap-4\" data-aos=\"fade-up\" >\n                \n<div class=\"bg-primary border border-solid border-white duration-300 w-full wp-block-motyw-3xd-question-answer-dark\" accordion=\"\"> \n    <div accordion-button class=\"flex flex-col items-start justify-between w-full\" tabindex=\"0\"> \n        <div class=\"flex gap-5 items-center justify-between px-4 py-4.5 w-full lg:p-6\"> <span class=\"font-SpaceGrotesk font-bold leading-6 lg:leading-7 lg:text-lg text-sm text-white\">How can I place an order?<\/span>\n            <svg xmlns=\"http:\/\/www.w3.org\/2000\/svg\" width=\"26\" height=\"26\" viewbox=\"0 0 26 26\" fill=\"none\" class=\"rotate_bar\"> \n                <path d=\"M13.25 24.75L13.25 0.75\" stroke=\"#FFF\" stroke-width=\"1.5\" stroke-miterlimit=\"10\" stroke-linecap=\"round\"\/> \n                <path d=\"M0.75 12.25L24.75 12.25\" stroke=\"#FFF\" stroke-width=\"1.5\" stroke-miterlimit=\"10\" stroke-linecap=\"round\"\/> \n            <\/svg>             \n        <\/div>         \n        <div accordion-panel class=\"accordion_margin lg:px-6 overflow-hidden px-3 w-full\"> \n                            <p class=\"font-SpaceGrotesk font-normal leading-6 text-sm text-white w-full lg:text-lg\">Text<\/p>\n             \n        <\/div>         \n    <\/div>     \n<\/div>\n\n<div class=\"bg-primary border border-solid border-white duration-300 w-full wp-block-motyw-3xd-question-answer-dark\" accordion=\"\"> \n    <div accordion-button class=\"flex flex-col items-start justify-between w-full\" tabindex=\"0\"> \n        <div class=\"flex gap-5 items-center justify-between px-4 py-4.5 w-full lg:p-6\"> <span class=\"font-SpaceGrotesk font-bold leading-6 lg:leading-7 lg:text-lg text-sm text-white\"><strong>Should I have the finished project in a CAD file?<\/strong><\/span>\n            <svg xmlns=\"http:\/\/www.w3.org\/2000\/svg\" width=\"26\" height=\"26\" viewbox=\"0 0 26 26\" fill=\"none\" class=\"rotate_bar\"> \n                <path d=\"M13.25 24.75L13.25 0.75\" stroke=\"#FFF\" stroke-width=\"1.5\" stroke-miterlimit=\"10\" stroke-linecap=\"round\"\/> \n                <path d=\"M0.75 12.25L24.75 12.25\" stroke=\"#FFF\" stroke-width=\"1.5\" stroke-miterlimit=\"10\" stroke-linecap=\"round\"\/> \n            <\/svg>             \n        <\/div>         \n        <div accordion-panel class=\"accordion_margin lg:px-6 overflow-hidden px-3 w-full\"> \n                            <p class=\"font-SpaceGrotesk font-normal leading-6 text-sm text-white w-full lg:text-lg\">Text<\/p>\n             \n        <\/div>         \n    <\/div>     \n<\/div>\n\n<div class=\"bg-primary border border-solid border-white duration-300 w-full wp-block-motyw-3xd-question-answer-dark\" accordion=\"\"> \n    <div accordion-button class=\"flex flex-col items-start justify-between w-full\" tabindex=\"0\"> \n        <div class=\"flex gap-5 items-center justify-between px-4 py-4.5 w-full lg:p-6\"> <span class=\"font-SpaceGrotesk font-bold leading-6 lg:leading-7 lg:text-lg text-sm text-white\"><strong><strong>How quickly do you complete orders?<\/strong><\/strong><\/span>\n            <svg xmlns=\"http:\/\/www.w3.org\/2000\/svg\" width=\"26\" height=\"26\" viewbox=\"0 0 26 26\" fill=\"none\" class=\"rotate_bar\"> \n                <path d=\"M13.25 24.75L13.25 0.75\" stroke=\"#FFF\" stroke-width=\"1.5\" stroke-miterlimit=\"10\" stroke-linecap=\"round\"\/> \n                <path d=\"M0.75 12.25L24.75 12.25\" stroke=\"#FFF\" stroke-width=\"1.5\" stroke-miterlimit=\"10\" stroke-linecap=\"round\"\/> \n            <\/svg>             \n        <\/div>         \n        <div accordion-panel class=\"accordion_margin lg:px-6 overflow-hidden px-3 w-full\"> \n                            <p class=\"font-SpaceGrotesk font-normal leading-6 text-sm text-white w-full lg:text-lg\">Text<\/p>\n             \n        <\/div>         \n    <\/div>     \n<\/div>\n\n<div class=\"bg-primary border border-solid border-white duration-300 w-full wp-block-motyw-3xd-question-answer-dark\" accordion=\"\"> \n    <div accordion-button class=\"flex flex-col items-start justify-between w-full\" tabindex=\"0\"> \n        <div class=\"flex gap-5 items-center justify-between px-4 py-4.5 w-full lg:p-6\"> <span class=\"font-SpaceGrotesk font-bold leading-6 lg:leading-7 lg:text-lg text-sm text-white\"><strong><strong><strong>Can I order only one product?<\/strong><\/strong><\/strong><\/span>\n            <svg xmlns=\"http:\/\/www.w3.org\/2000\/svg\" width=\"26\" height=\"26\" viewbox=\"0 0 26 26\" fill=\"none\" class=\"rotate_bar\"> \n                <path d=\"M13.25 24.75L13.25 0.75\" stroke=\"#FFF\" stroke-width=\"1.5\" stroke-miterlimit=\"10\" stroke-linecap=\"round\"\/> \n                <path d=\"M0.75 12.25L24.75 12.25\" stroke=\"#FFF\" stroke-width=\"1.5\" stroke-miterlimit=\"10\" stroke-linecap=\"round\"\/> \n            <\/svg>             \n        <\/div>         \n        <div accordion-panel class=\"accordion_margin lg:px-6 overflow-hidden px-3 w-full\"> \n                            <p class=\"font-SpaceGrotesk font-normal leading-6 text-sm text-white w-full lg:text-lg\">Text<\/p>\n             \n        <\/div>         \n    <\/div>     \n<\/div>\n\n<div class=\"bg-primary border border-solid border-white duration-300 w-full wp-block-motyw-3xd-question-answer-dark\" accordion=\"\"> \n    <div accordion-button class=\"flex flex-col items-start justify-between w-full\" tabindex=\"0\"> \n        <div class=\"flex gap-5 items-center justify-between px-4 py-4.5 w-full lg:p-6\"> <span class=\"font-SpaceGrotesk font-bold leading-6 lg:leading-7 lg:text-lg text-sm text-white\"><strong><strong><strong><strong>What materials do you process?<\/strong><\/strong><\/strong><\/strong><\/span>\n            <svg xmlns=\"http:\/\/www.w3.org\/2000\/svg\" width=\"26\" height=\"26\" viewbox=\"0 0 26 26\" fill=\"none\" class=\"rotate_bar\"> \n                <path d=\"M13.25 24.75L13.25 0.75\" stroke=\"#FFF\" stroke-width=\"1.5\" stroke-miterlimit=\"10\" stroke-linecap=\"round\"\/> \n                <path d=\"M0.75 12.25L24.75 12.25\" stroke=\"#FFF\" stroke-width=\"1.5\" stroke-miterlimit=\"10\" stroke-linecap=\"round\"\/> \n            <\/svg>             \n        <\/div>         \n        <div accordion-panel class=\"accordion_margin lg:px-6 overflow-hidden px-3 w-full\"> \n                            <p class=\"font-SpaceGrotesk font-normal leading-6 text-sm text-white w-full lg:text-lg\">Text<\/p>\n             \n        <\/div>         \n    <\/div>     \n<\/div>\n\n<div class=\"bg-primary border border-solid border-white duration-300 w-full wp-block-motyw-3xd-question-answer-dark\" accordion=\"\"> \n    <div accordion-button class=\"flex flex-col items-start justify-between w-full\" tabindex=\"0\"> \n        <div class=\"flex gap-5 items-center justify-between px-4 py-4.5 w-full lg:p-6\"> <span class=\"font-SpaceGrotesk font-bold leading-6 lg:leading-7 lg:text-lg text-sm text-white\"><strong><strong><strong><strong><strong>Do you offer transportation of finished products?<\/strong><\/strong><\/strong><\/strong><\/strong><\/span>\n            <svg xmlns=\"http:\/\/www.w3.org\/2000\/svg\" width=\"26\" height=\"26\" viewbox=\"0 0 26 26\" fill=\"none\" class=\"rotate_bar\"> \n                <path d=\"M13.25 24.75L13.25 0.75\" stroke=\"#FFF\" stroke-width=\"1.5\" stroke-miterlimit=\"10\" stroke-linecap=\"round\"\/> \n                <path d=\"M0.75 12.25L24.75 12.25\" stroke=\"#FFF\" stroke-width=\"1.5\" stroke-miterlimit=\"10\" stroke-linecap=\"round\"\/> \n            <\/svg>             \n        <\/div>         \n        <div accordion-panel class=\"accordion_margin lg:px-6 overflow-hidden px-3 w-full\"> \n                            <p class=\"font-SpaceGrotesk font-normal leading-6 text-sm text-white w-full lg:text-lg\">Text<\/p>\n             \n        <\/div>         \n    <\/div>     \n<\/div>\n\n<div class=\"bg-primary border border-solid border-white duration-300 w-full wp-block-motyw-3xd-question-answer-dark\" accordion=\"\"> \n    <div accordion-button class=\"flex flex-col items-start justify-between w-full\" tabindex=\"0\"> \n        <div class=\"flex gap-5 items-center justify-between px-4 py-4.5 w-full lg:p-6\"> <span class=\"font-SpaceGrotesk font-bold leading-6 lg:leading-7 lg:text-lg text-sm text-white\"><strong><strong><strong><strong><strong>Do you help with the design of the kitchen or furniture?<\/strong><\/strong><\/strong><\/strong><\/strong><\/span>\n            <svg xmlns=\"http:\/\/www.w3.org\/2000\/svg\" width=\"26\" height=\"26\" viewbox=\"0 0 26 26\" fill=\"none\" class=\"rotate_bar\"> \n                <path d=\"M13.25 24.75L13.25 0.75\" stroke=\"#FFF\" stroke-width=\"1.5\" stroke-miterlimit=\"10\" stroke-linecap=\"round\"\/> \n                <path d=\"M0.75 12.25L24.75 12.25\" stroke=\"#FFF\" stroke-width=\"1.5\" stroke-miterlimit=\"10\" stroke-linecap=\"round\"\/> \n            <\/svg>             \n        <\/div>         \n        <div accordion-panel class=\"accordion_margin lg:px-6 overflow-hidden px-3 w-full\"> \n                            <p class=\"font-SpaceGrotesk font-normal leading-6 text-sm text-white w-full lg:text-lg\">Text<\/p>\n             \n        <\/div>         \n    <\/div>     \n<\/div>\n            <\/div>             \n        <\/div>         \n    <\/div>     \n<\/section>","protected":false},"excerpt":{"rendered":"","protected":false},"author":1,"featured_media":0,"parent":0,"menu_order":0,"comment_status":"closed","ping_status":"closed","template":"","meta":{"footnotes":""},"class_list":["post-19","page","type-page","status-publish","hentry"],"yoast_head":"<!-- This site is optimized with the Yoast SEO plugin v27.3 - https:\/\/yoast.com\/product\/yoast-seo-wordpress\/ -->\n<title>Kontakt - 3XD<\/title>\n<meta name=\"robots\" content=\"index, follow, max-snippet:-1, max-image-preview:large, max-video-preview:-1\" \/>\n<link rel=\"canonical\" href=\"https:\/\/3xd.waybetter.dev\/en\/kontakt\/\" \/>\n<meta property=\"og:locale\" content=\"en_US\" \/>\n<meta property=\"og:type\" content=\"article\" \/>\n<meta property=\"og:title\" content=\"Kontakt - 3XD\" \/>\n<meta property=\"og:url\" content=\"https:\/\/3xd.waybetter.dev\/en\/kontakt\/\" \/>\n<meta property=\"og:site_name\" content=\"3XD\" \/>\n<meta property=\"article:modified_time\" content=\"2026-03-19T14:37:33+00:00\" \/>\n<meta property=\"og:image\" content=\"https:\/\/3xd.waybetter.dev\/wp-content\/uploads\/2026\/04\/zdjecie_podstrony_realizacji.webp\" \/>\n\t<meta property=\"og:image:width\" content=\"1080\" \/>\n\t<meta property=\"og:image:height\" content=\"722\" \/>\n\t<meta property=\"og:image:type\" content=\"image\/webp\" \/>\n<meta name=\"twitter:card\" content=\"summary_large_image\" \/>\n<script type=\"application\/ld+json\" class=\"yoast-schema-graph\">{\"@context\":\"https:\\\/\\\/schema.org\",\"@graph\":[{\"@type\":\"WebPage\",\"@id\":\"https:\\\/\\\/3xd.waybetter.dev\\\/kontakt\\\/\",\"url\":\"https:\\\/\\\/3xd.waybetter.dev\\\/kontakt\\\/\",\"name\":\"Kontakt - 3XD\",\"isPartOf\":{\"@id\":\"https:\\\/\\\/3xd.waybetter.dev\\\/#website\"},\"datePublished\":\"2025-12-23T19:52:25+00:00\",\"dateModified\":\"2026-03-19T14:37:33+00:00\",\"breadcrumb\":{\"@id\":\"https:\\\/\\\/3xd.waybetter.dev\\\/kontakt\\\/#breadcrumb\"},\"inLanguage\":\"en-US\",\"potentialAction\":[{\"@type\":\"ReadAction\",\"target\":[\"https:\\\/\\\/3xd.waybetter.dev\\\/kontakt\\\/\"]}]},{\"@type\":\"BreadcrumbList\",\"@id\":\"https:\\\/\\\/3xd.waybetter.dev\\\/kontakt\\\/#breadcrumb\",\"itemListElement\":[{\"@type\":\"ListItem\",\"position\":1,\"name\":\"Strona g\u0142\u00f3wna\",\"item\":\"https:\\\/\\\/3xd.waybetter.dev\\\/\"},{\"@type\":\"ListItem\",\"position\":2,\"name\":\"Kontakt\"}]},{\"@type\":\"WebSite\",\"@id\":\"https:\\\/\\\/3xd.waybetter.dev\\\/#website\",\"url\":\"https:\\\/\\\/3xd.waybetter.dev\\\/\",\"name\":\"3XD\",\"description\":\"Meble na wymiar, fronty meblowe, ci\u0119cie i frezowanie CNC Bia\u0142ystok\",\"publisher\":{\"@id\":\"https:\\\/\\\/3xd.waybetter.dev\\\/#organization\"},\"alternateName\":\"3XD\",\"potentialAction\":[{\"@type\":\"SearchAction\",\"target\":{\"@type\":\"EntryPoint\",\"urlTemplate\":\"https:\\\/\\\/3xd.waybetter.dev\\\/?s={search_term_string}\"},\"query-input\":{\"@type\":\"PropertyValueSpecification\",\"valueRequired\":true,\"valueName\":\"search_term_string\"}}],\"inLanguage\":\"en-US\"},{\"@type\":\"Organization\",\"@id\":\"https:\\\/\\\/3xd.waybetter.dev\\\/#organization\",\"name\":\"3XD\",\"url\":\"https:\\\/\\\/3xd.waybetter.dev\\\/\",\"logo\":{\"@type\":\"ImageObject\",\"inLanguage\":\"en-US\",\"@id\":\"https:\\\/\\\/3xd.waybetter.dev\\\/#\\\/schema\\\/logo\\\/image\\\/\",\"url\":\"https:\\\/\\\/3xd.waybetter.dev\\\/wp-content\\\/uploads\\\/2025\\\/12\\\/3XDLogo.svg\",\"contentUrl\":\"https:\\\/\\\/3xd.waybetter.dev\\\/wp-content\\\/uploads\\\/2025\\\/12\\\/3XDLogo.svg\",\"width\":134,\"height\":49,\"caption\":\"3XD\"},\"image\":{\"@id\":\"https:\\\/\\\/3xd.waybetter.dev\\\/#\\\/schema\\\/logo\\\/image\\\/\"}}]}<\/script>\n<!-- \/ Yoast SEO plugin. -->","yoast_head_json":{"title":"Kontakt - 3XD","robots":{"index":"index","follow":"follow","max-snippet":"max-snippet:-1","max-image-preview":"max-image-preview:large","max-video-preview":"max-video-preview:-1"},"canonical":"https:\/\/3xd.waybetter.dev\/en\/kontakt\/","og_locale":"en_US","og_type":"article","og_title":"Kontakt - 3XD","og_url":"https:\/\/3xd.waybetter.dev\/en\/kontakt\/","og_site_name":"3XD","article_modified_time":"2026-03-19T14:37:33+00:00","og_image":[{"width":1080,"height":722,"url":"https:\/\/3xd.waybetter.dev\/wp-content\/uploads\/2026\/04\/zdjecie_podstrony_realizacji.webp","type":"image\/webp"}],"twitter_card":"summary_large_image","schema":{"@context":"https:\/\/schema.org","@graph":[{"@type":"WebPage","@id":"https:\/\/3xd.waybetter.dev\/kontakt\/","url":"https:\/\/3xd.waybetter.dev\/kontakt\/","name":"Kontakt - 3XD","isPartOf":{"@id":"https:\/\/3xd.waybetter.dev\/#website"},"datePublished":"2025-12-23T19:52:25+00:00","dateModified":"2026-03-19T14:37:33+00:00","breadcrumb":{"@id":"https:\/\/3xd.waybetter.dev\/kontakt\/#breadcrumb"},"inLanguage":"en-US","potentialAction":[{"@type":"ReadAction","target":["https:\/\/3xd.waybetter.dev\/kontakt\/"]}]},{"@type":"BreadcrumbList","@id":"https:\/\/3xd.waybetter.dev\/kontakt\/#breadcrumb","itemListElement":[{"@type":"ListItem","position":1,"name":"Strona g\u0142\u00f3wna","item":"https:\/\/3xd.waybetter.dev\/"},{"@type":"ListItem","position":2,"name":"Kontakt"}]},{"@type":"WebSite","@id":"https:\/\/3xd.waybetter.dev\/#website","url":"https:\/\/3xd.waybetter.dev\/","name":"3XD","description":"Custom-made furniture, cabinet fronts, CNC cutting and milling in Bia\u0142ystok","publisher":{"@id":"https:\/\/3xd.waybetter.dev\/#organization"},"alternateName":"3XD","potentialAction":[{"@type":"SearchAction","target":{"@type":"EntryPoint","urlTemplate":"https:\/\/3xd.waybetter.dev\/?s={search_term_string}"},"query-input":{"@type":"PropertyValueSpecification","valueRequired":true,"valueName":"search_term_string"}}],"inLanguage":"en-US"},{"@type":"Organization","@id":"https:\/\/3xd.waybetter.dev\/#organization","name":"3XD","url":"https:\/\/3xd.waybetter.dev\/","logo":{"@type":"ImageObject","inLanguage":"en-US","@id":"https:\/\/3xd.waybetter.dev\/#\/schema\/logo\/image\/","url":"https:\/\/3xd.waybetter.dev\/wp-content\/uploads\/2025\/12\/3XDLogo.svg","contentUrl":"https:\/\/3xd.waybetter.dev\/wp-content\/uploads\/2025\/12\/3XDLogo.svg","width":134,"height":49,"caption":"3XD"},"image":{"@id":"https:\/\/3xd.waybetter.dev\/#\/schema\/logo\/image\/"}}]}},"_links":{"self":[{"href":"https:\/\/3xd.waybetter.dev\/en\/wp-json\/wp\/v2\/pages\/19","targetHints":{"allow":["GET"]}}],"collection":[{"href":"https:\/\/3xd.waybetter.dev\/en\/wp-json\/wp\/v2\/pages"}],"about":[{"href":"https:\/\/3xd.waybetter.dev\/en\/wp-json\/wp\/v2\/types\/page"}],"author":[{"embeddable":true,"href":"https:\/\/3xd.waybetter.dev\/en\/wp-json\/wp\/v2\/users\/1"}],"replies":[{"embeddable":true,"href":"https:\/\/3xd.waybetter.dev\/en\/wp-json\/wp\/v2\/comments?post=19"}],"version-history":[{"count":10,"href":"https:\/\/3xd.waybetter.dev\/en\/wp-json\/wp\/v2\/pages\/19\/revisions"}],"predecessor-version":[{"id":208,"href":"https:\/\/3xd.waybetter.dev\/en\/wp-json\/wp\/v2\/pages\/19\/revisions\/208"}],"wp:attachment":[{"href":"https:\/\/3xd.waybetter.dev\/en\/wp-json\/wp\/v2\/media?parent=19"}],"curies":[{"name":"wp","href":"https:\/\/api.w.org\/{rel}","templated":true}]}}